{"id":2947,"date":"2023-06-27T20:51:19","date_gmt":"2023-06-27T20:51:19","guid":{"rendered":"https:\/\/academiasuperiordetaekwondopatagonia.com\/?page_id=2947"},"modified":"2023-06-27T20:58:10","modified_gmt":"2023-06-27T20:58:10","slug":"2947-2","status":"publish","type":"page","link":"https:\/\/academiasuperiordetaekwondopatagonia.com\/index.php\/2947-2\/","title":{"rendered":""},"content":{"rendered":"<div class=\"wpb-content-wrapper\"><p>[vc_row css_animation=&#8221;fadeInUp&#8221; css=&#8221;.vc_custom_1534867797938{padding-top: 130px !important;padding-bottom: 130px !important;}&#8221; padding_tablet=&#8221;100px 0px 80px 0px&#8221; el_id=&#8221;about&#8221;][vc_column css=&#8221;.vc_custom_1533288602474{padding-top: 0px !important;background-position: 0 0 !important;background-repeat: no-repeat !important;}&#8221;][vc_row_inner equal_height=&#8221;yes&#8221; css=&#8221;.vc_custom_1532961714454{padding-top: 70px !important;}&#8221;][vc_column_inner width=&#8221;1\/3&#8243; overflow=&#8221;default&#8221; css=&#8221;.vc_custom_1687898842953{padding-top: 200px !important;padding-bottom: 200px !important;background: #ffffff url(https:\/\/academiasuperiordetaekwondopatagonia.com\/wp-content\/uploads\/2023\/06\/taekwondo-badge-black-high-kick-korean-martial-julie-kelly.jpeg?id=2949) !important;background-position: center !important;background-repeat: no-repeat !important;background-size: contain !important;}&#8221;][\/vc_column_inner][vc_column_inner width=&#8221;2\/3&#8243; shadow=&#8221;shadow1&#8243; max_width=&#8221;680px&#8221; css=&#8221;.vc_custom_1532963203302{padding-top: 120px !important;}&#8221; padding_tablet=&#8221;50px 30px 30px 30px&#8221;]\r\n<div class=\"sh-heading  \" id=\"heading-lRm4yqOkgb\">\r\n\t<div class=\"sh-element-margin\">\r\n\r\n\t\t\r\n\t\t\t<h2 class=\"sh-heading-content size-custom text-left\">\r\n\t\t\t\tThis is heading element\t\t\t<\/h2>\r\n\r\n\t\t\r\n\t<\/div>\r\n<\/div>\r\n            <style type=\"text\/css\">\r\n                #heading-lRm4yqOkgb .sh-element-margin {}#heading-lRm4yqOkgb .sh-heading-content {font-size: 18px;font-weight: 400!important;color: #8d8d8d;}#heading-lRm4yqOkgb .sh-heading-content,#heading-lRm4yqOkgb .sh-heading-additional-text {}            <\/style>\r\n        \r\n            \r\n            <div class=\"sh-empty-space vc_empty_space sh-empty-space-aWh3Xme9wG  \" style=\"height: 15px\">\r\n                <span class=\"vc_empty_space_inner\"><\/span>\r\n            <\/div>\r\n\r\n        \r\n<div class=\"sh-heading  \" id=\"heading-RZlrmkNYiO\">\r\n\t<div class=\"sh-element-margin\">\r\n\r\n\t\t\r\n\t\t\t<h2 class=\"sh-heading-content size-l text-left\">\r\n\t\t\t\tHacia el camino:\t\t\t<\/h2>\r\n\r\n\t\t\r\n\t<\/div>\r\n<\/div>\r\n            <style type=\"text\/css\">\r\n                #heading-RZlrmkNYiO .sh-element-margin {}#heading-RZlrmkNYiO .sh-heading-content {font-weight: 700!important;color: #505050;}#heading-RZlrmkNYiO .sh-heading-content,#heading-RZlrmkNYiO .sh-heading-additional-text {}            <\/style>\r\n        \r\n            \r\n            <div class=\"sh-empty-space vc_empty_space sh-empty-space-Q8H9Lo61AC  \" style=\"height: 15px\">\r\n                <span class=\"vc_empty_space_inner\"><\/span>\r\n            <\/div>\r\n\r\n        [vc_column_text]En este peque\u00f1o resumen introductorio, no se busca de ninguna manera disminuir el alcance te\u00f3rico ni pr\u00e1ctico del Taekwon-Do a unas pocas palabras, sino al contrario, poder m\u00ednimamente compartir algunos conceptos b\u00e1sicos y fundamentales de este arte marcial complejo y de alcance mundial, a todos aquellos que deseen comenzar a indagar en este camino.<\/p>\n<p><em>Un breve relato:<\/em><\/p>\n<p>El Taekwon-Do se estima que surgi\u00f3 hace mas de 1300 a\u00f1os en Corea, conocido con el nombre de Taekkyon, siendo impulsado en los reinos de Silla y Koryo.\u00a0 Sin embargo, hacia el final de la dinast\u00eda Yi, las artes marciales parec\u00edan haberse disipado, dejado de existir y finalmente fueron prohibidas durante la ocupaci\u00f3n japonesa de Corea entre 1909 y 1945.<\/p>\n<p>En 1945 tras la liberaci\u00f3n de Corea, el 2\u00b0 teniente coronel Choi Hong Hi, prisionero recientemente liberado de un campo japon\u00e9s, comenz\u00f3 a ense\u00f1ar nuevamente el Taekwon-Do el cual definitivamente nace y queda rotulado como tal, el 11 de abril de 1955.[\/vc_column_text][\/vc_column_inner][\/vc_row_inner]\r\n                            <style media=\"screen\">\r\n                    @media (max-width: 1025px) {\r\n                        .sh-empty-space-EHeLaDBC68 {\r\n                            height: 50px!important;\r\n                        }\r\n                    }\r\n                <\/style>\r\n            \r\n            <div class=\"sh-empty-space vc_empty_space sh-empty-space-EHeLaDBC68  \" style=\"height: 15px\">\r\n                <span class=\"vc_empty_space_inner\"><\/span>\r\n            <\/div>\r\n\r\n        [vc_row_inner equal_height=&#8221;yes&#8221;][vc_column_inner width=&#8221;2\/3&#8243; shadow=&#8221;shadow1&#8243; max_width=&#8221;680px&#8221; css=&#8221;.vc_custom_1532963345954{padding-top: 70px !important;}&#8221; padding_tablet=&#8221;70px 30px 50px 30px&#8221;]\r\n<div class=\"sh-heading  \" id=\"heading-MKo3ICJAFb\">\r\n\t<div class=\"sh-element-margin\">\r\n\r\n\t\t\r\n\t\t\t<h2 class=\"sh-heading-content size-custom text-left\">\r\n\t\t\t\tThis is heading element\t\t\t<\/h2>\r\n\r\n\t\t\r\n\t<\/div>\r\n<\/div>\r\n            <style type=\"text\/css\">\r\n                #heading-MKo3ICJAFb .sh-element-margin {}#heading-MKo3ICJAFb .sh-heading-content {font-size: 18px;font-weight: 400!important;color: #8d8d8d;}#heading-MKo3ICJAFb .sh-heading-content,#heading-MKo3ICJAFb .sh-heading-additional-text {}            <\/style>\r\n        \r\n            \r\n            <div class=\"sh-empty-space vc_empty_space sh-empty-space-tJljNDbO27  \" style=\"height: 15px\">\r\n                <span class=\"vc_empty_space_inner\"><\/span>\r\n            <\/div>\r\n\r\n        \r\n<div class=\"sh-heading  \" id=\"heading-6mtHjkKDJW\">\r\n\t<div class=\"sh-element-margin\">\r\n\r\n\t\t\r\n\t\t\t<h2 class=\"sh-heading-content size-l text-left\">\r\n\t\t\t\t\u00bfQu\u00e9 es Taekwon-Do?\t\t\t<\/h2>\r\n\r\n\t\t\r\n\t<\/div>\r\n<\/div>\r\n            <style type=\"text\/css\">\r\n                #heading-6mtHjkKDJW .sh-element-margin {}#heading-6mtHjkKDJW .sh-heading-content {font-weight: 700!important;color: #505050;}#heading-6mtHjkKDJW .sh-heading-content,#heading-6mtHjkKDJW .sh-heading-additional-text {}            <\/style>\r\n        \r\n            \r\n            <div class=\"sh-empty-space vc_empty_space sh-empty-space-vxGk7BAFjR  \" style=\"height: 15px\">\r\n                <span class=\"vc_empty_space_inner\"><\/span>\r\n            <\/div>\r\n\r\n        [vc_column_text]Literalmente se puede definir al Taekwon-Do como el arte marcial cuya acci\u00f3n es la de golpear con el pie (\u201cTae\u201d), la de golpear con la mano (\u201cWon\u201d) y el hecho del crecimiento espiritual a trav\u00e9s del camino que se va experimentando como un arte.<\/p>\n<p>Seg\u00fan una vaga definici\u00f3n, podr\u00eda decirse que el arte es un concepto que engloba todas las creaciones realizadas por el ser humano para expresar una visi\u00f3n sensible acerca del mundo, ya sea real o imaginario mediante recursos pl\u00e1sticos, ling\u00fc\u00edsticos, corporales o sonoros. As\u00ed, el arte permite expresar ideas, emociones, percepciones y sensaciones.<\/p>\n<p>Por su parte, \u201cobra de arte\u201d es el nombre que reciben cada una de las piezas art\u00edsticas producto de la creatividad humana y bajo este hecho, podr\u00eda decirse que cada practicante puede definir e ir redefiniendo el Taekwon-Do constantemente, con todo y en base a lo que ello implica, a lo largo de la experiencia transformadora que va siendo durante su vida practicar este arte marcial. As\u00ed, en esencia, el camino recorrido por el practicante, va siendo la definici\u00f3n del Taekwon-Do basada en la evoluci\u00f3n personal constante que este experimenta.<\/p>\n<p>El entrenamiento mental que se desarrolla con el Taekwon-Do, va de la mano con valores propios que este arte marcial desea cultivar, ya que, a diferencia de un deporte, las artes marciales son la elecci\u00f3n de un camino de vida de sentido filos\u00f3fico, a trav\u00e9s del cual se descubren y aplican valores que hacen m\u00e1s grande al ser humano para cumplir con el principio fundamental de superarse a s\u00ed mismo. Los valores del Taekwon-Do incluyen deberes del estudiante, como por ejemplo el deseo continuo de \u00e9ste por el aprendizaje constante y la evoluci\u00f3n personal, ser leal, no ser irrespetuoso, servir de ejemplo a los alumnos de menor categor\u00eda, etc. Al mismo tiempo, existe una serie de principios a seguir, que son la <u>cortes\u00eda,<\/u> la <u>integridad<\/u>, la <u>perseverancia<\/u>, el <u>autocontrol<\/u> y el desarrollo de un <u>esp\u00edritu indomable<\/u> vaciado de miedos o inseguridades.<\/p>\n<p>Entre otras caracter\u00edsticas a mencionar, el Taekwon-Do debe ser transmitido y ense\u00f1ado por un instructor o <em>Sab\u00f3n<\/em> (expresado en coreano), por un Profesor o <em>Sabonim<\/em> y\/o por un Maestro o <em>Sajionim<\/em>. Esto denota que en el Taekwon-Do existen categor\u00edas y rangos de los practicantes, rangos que van elev\u00e1ndose a medida que el practicante avanza a lo largo del tiempo y a trav\u00e9s de una serie de rigurosos ex\u00e1menes realizados a fin de elevar su categor\u00eda como taekwondista.<\/p>\n<p>En general, el Taekwon-Do aventaja a otras artes marciales por el uso de sus t\u00e9cnicas de pie, las cuales son muy desarrolladas debido a las cualidades de la geograf\u00eda de Corea y a las caracter\u00edsticas \u00e9tnicas de sus poblaciones, pero una particularidad esencial del Taekwon-Do en comparaci\u00f3n con otras artes marciales, es que este se despliega dentro del marco de la denominada <u>\u201cTeor\u00eda del Poder\u201d. <\/u>Esto es, la aplicaci\u00f3n directa de principios cient\u00edficos de la f\u00edsica Newtoniana, m\u00e1s espec\u00edficamente de la <em><u>segunda ley de Newton<\/u><\/em>, a las t\u00e9cnicas a desarrollar con el cuerpo, para optimizar al m\u00e1ximo la eficacia de los movimientos del mismo y para lograr el m\u00e1ximo poder como resultado de la ejecuci\u00f3n de dichas t\u00e9cnicas. As\u00ed, en la utilizaci\u00f3n de la f\u00edsica en la inteligencia corporal, radica la explicaci\u00f3n del gran poder, <u>fuerza de reacci\u00f3n<\/u>, <u>concentraci\u00f3n<\/u>, <u>equilibrio,<\/u> <u>control respiratorio<\/u>, <u>velocidad<\/u> y correcto uso de la <u>masa corporal <\/u>en conjunto con la <u>energ\u00eda cin\u00e9tica<\/u>, que desarrollan los practicantes del Taekwon-Do a la hora de realizar sus t\u00e9cnicas, convirtiendo, entre m\u00e1s caracter\u00edsticas que pueden agregarse a esta disciplina, al Taekwon-Do como \u201cel arte marcial de un solo golpe\u201d.<\/p>\n<p>El Taekwondo desarrolla entonces, un gran entrenamiento y preparaci\u00f3n f\u00edsico-mental en sus practicantes, aplicando t\u00e9cnicas de combate corporales, sin armas para la autodefensa, basando su eficacia en fundamentos cient\u00edficos aplicados a la naturaleza corporal humana.<\/p>\n<p>Por \u00faltimo, el Taekwon-Do puede ser practicado por todo aquel que quiera indagar y conocer este Arte marcial sin importar la edad, sexo, condici\u00f3n o prodecencia de la persona, lo cual vuelve al Taekwon-Do un camino evolutivo para quien desee emprenderlo.[\/vc_column_text][\/vc_column_inner][vc_column_inner width=&#8221;1\/3&#8243; overflow=&#8221;default&#8221; css=&#8221;.vc_custom_1687898828114{padding-top: 200px !important;padding-right: 200px !important;padding-bottom: 200px !important;padding-left: 200px !important;background: #ffffff url(https:\/\/academiasuperiordetaekwondopatagonia.com\/wp-content\/uploads\/2023\/06\/pngtree-chinese-style-taekwondo-training-and-education-poster-image_171245.jpeg?id=2951) !important;background-position: center !important;background-repeat: no-repeat !important;background-size: contain !important;}&#8221;][\/vc_column_inner][\/vc_row_inner][\/vc_column][\/vc_row][vc_row css_animation=&#8221;fadeInUp&#8221; css=&#8221;.vc_custom_1534867797938{padding-top: 130px !important;padding-bottom: 130px !important;}&#8221; padding_tablet=&#8221;100px 0px 80px 0px&#8221;][vc_column css=&#8221;.vc_custom_1533288602474{padding-top: 0px !important;background-position: 0 0 !important;background-repeat: no-repeat !important;}&#8221;][vc_row_inner equal_height=&#8221;yes&#8221; css=&#8221;.vc_custom_1532961714454{padding-top: 70px !important;}&#8221;][vc_column_inner width=&#8221;1\/3&#8243; overflow=&#8221;default&#8221; css=&#8221;.vc_custom_1687899011120{padding-top: 200px !important;padding-bottom: 200px !important;background: #ffffff url(https:\/\/academiasuperiordetaekwondopatagonia.com\/wp-content\/uploads\/2023\/06\/pngtree-taekwondo-training-poster-background-material-image_141886.jpeg?id=2952) !important;background-position: center !important;background-repeat: no-repeat !important;background-size: contain !important;}&#8221;][\/vc_column_inner][vc_column_inner width=&#8221;2\/3&#8243; shadow=&#8221;shadow1&#8243; max_width=&#8221;680px&#8221; css=&#8221;.vc_custom_1532963203302{padding-top: 120px !important;}&#8221; padding_tablet=&#8221;50px 30px 30px 30px&#8221;]\r\n<div class=\"sh-heading  \" id=\"heading-hzYa9s62uN\">\r\n\t<div class=\"sh-element-margin\">\r\n\r\n\t\t\r\n\t\t\t<h2 class=\"sh-heading-content size-custom text-left\">\r\n\t\t\t\tThis is heading element\t\t\t<\/h2>\r\n\r\n\t\t\r\n\t<\/div>\r\n<\/div>\r\n            <style type=\"text\/css\">\r\n                #heading-hzYa9s62uN .sh-element-margin {}#heading-hzYa9s62uN .sh-heading-content {font-size: 18px;font-weight: 400!important;color: #8d8d8d;}#heading-hzYa9s62uN .sh-heading-content,#heading-hzYa9s62uN .sh-heading-additional-text {}            <\/style>\r\n        \r\n            \r\n            <div class=\"sh-empty-space vc_empty_space sh-empty-space-nQalCZScUH  \" style=\"height: 15px\">\r\n                <span class=\"vc_empty_space_inner\"><\/span>\r\n            <\/div>\r\n\r\n        \r\n<div class=\"sh-heading  \" id=\"heading-548Sk1OHhE\">\r\n\t<div class=\"sh-element-margin\">\r\n\r\n\t\t\r\n\t\t\t<h2 class=\"sh-heading-content size-l text-left\">\r\n\t\t\t\t\u00bfC\u00f3mo se entrena?\t\t\t<\/h2>\r\n\r\n\t\t\r\n\t<\/div>\r\n<\/div>\r\n            <style type=\"text\/css\">\r\n                #heading-548Sk1OHhE .sh-element-margin {}#heading-548Sk1OHhE .sh-heading-content {font-weight: 700!important;color: #505050;}#heading-548Sk1OHhE .sh-heading-content,#heading-548Sk1OHhE .sh-heading-additional-text {}            <\/style>\r\n        \r\n            \r\n            <div class=\"sh-empty-space vc_empty_space sh-empty-space-ZYwD5VxKQL  \" style=\"height: 15px\">\r\n                <span class=\"vc_empty_space_inner\"><\/span>\r\n            <\/div>\r\n\r\n        [vc_column_text]Es m\u00e1s que evidente que aquel que quiera practicar este arte marcial, debe entrenar con habitualidad, desarrollando la fuerza cuerpo-mente y la autodisciplina. El deseo de crecimiento y evoluci\u00f3n constante es un pilar fundamental que debe tener el estudiante para poder progresar. Ya fue mencionado que, el Taewon-Do debe ser ense\u00f1ado por una persona calificada para dicho fin, quien haya recorrido un camino evolutivo que adem\u00e1s est\u00e9 certificado y avalado por la aprobaci\u00f3n de ex\u00e1menes categ\u00f3ricos correspondientes. A modo informativo, el lugar donde se practica el Taekwon-Do pasa a llamarse <em>Dojang <\/em>en el momento que se entra al mismo para entrenar, habiendo ciertas cordialidades que se practican, como un saludo particular tanto al entrar como al salir del sal\u00f3n y en la manera de darse la bienvenida tanto con el instructor como con el resto de los estudiantes y debe vestirse en lo posible, la vestimenta adecuada; el uniforme caracter\u00edstico del Taekwon-Do, llamado <em>Dobok<\/em>.<\/p>\n<p>El desarrollo de una musculatura firme, al mismo tiempo que la necesidad de desarrollar un cuerpo elongado, adem\u00e1s de los beneficios que da a la estabilidad y protecci\u00f3n de las articulaciones y a la salud en general, es fundamental para generar la fuerza y la firmeza necesaria que deben aplicarse a las t\u00e9cnicas de ataque o defensa. El \u00e9xito de \u00e9stas, depende a su vez en buena medida, de tener una buena posici\u00f3n inicial de cada movimiento, lo cual requiere al mismo tiempo que contribuye a la estabilidad, agilidad, el equilibrio y la flexibilidad del cuerpo. Es as\u00ed que, en Taekwon-do es principalmente importante hacer hincapi\u00e9 en la correcta ejecuci\u00f3n de las llamadas <strong><u>posiciones b\u00e1sicas. <\/u><\/strong><\/p>\n<p>Seguido a este comienzo, puede decirse que la pr\u00e1ctica el Taekwon-Do est\u00e1 compuesta de:<\/p>\n<ul>\n<li>Movimientos fundamentales.<\/li>\n<li>Formas<\/li>\n<li>Ejercicios frente a frente.<\/li>\n<li>Entrenamiento con accesorios.<\/li>\n<\/ul>\n<p>[\/vc_column_text][\/vc_column_inner][\/vc_row_inner]\r\n                            <style media=\"screen\">\r\n                    @media (max-width: 1025px) {\r\n                        .sh-empty-space-Gd5SctkyhA {\r\n                            height: 50px!important;\r\n                        }\r\n                    }\r\n                <\/style>\r\n            \r\n            <div class=\"sh-empty-space vc_empty_space sh-empty-space-Gd5SctkyhA  \" style=\"height: 15px\">\r\n                <span class=\"vc_empty_space_inner\"><\/span>\r\n            <\/div>\r\n\r\n        [vc_row_inner equal_height=&#8221;yes&#8221;][vc_column_inner width=&#8221;2\/3&#8243; shadow=&#8221;shadow1&#8243; max_width=&#8221;680px&#8221; css=&#8221;.vc_custom_1532963345954{padding-top: 70px !important;}&#8221; padding_tablet=&#8221;70px 30px 50px 30px&#8221;]\r\n<div class=\"sh-heading  \" id=\"heading-xf5UBJpDem\">\r\n\t<div class=\"sh-element-margin\">\r\n\r\n\t\t\r\n\t\t\t<h2 class=\"sh-heading-content size-custom text-left\">\r\n\t\t\t\tThis is heading element\t\t\t<\/h2>\r\n\r\n\t\t\r\n\t<\/div>\r\n<\/div>\r\n            <style type=\"text\/css\">\r\n                #heading-xf5UBJpDem .sh-element-margin {}#heading-xf5UBJpDem .sh-heading-content {font-size: 18px;font-weight: 400!important;color: #8d8d8d;}#heading-xf5UBJpDem .sh-heading-content,#heading-xf5UBJpDem .sh-heading-additional-text {}            <\/style>\r\n        \r\n            \r\n            <div class=\"sh-empty-space vc_empty_space sh-empty-space-URLydXEGiC  \" style=\"height: 15px\">\r\n                <span class=\"vc_empty_space_inner\"><\/span>\r\n            <\/div>\r\n\r\n        \r\n<div class=\"sh-heading  \" id=\"heading-4yfKXQi39L\">\r\n\t<div class=\"sh-element-margin\">\r\n\r\n\t\t\r\n\t\t\t<h2 class=\"sh-heading-content size-l text-left\">\r\n\t\t\t\tT\u00e9cnicas de Defensa personal.\t\t\t<\/h2>\r\n\r\n\t\t\r\n\t<\/div>\r\n<\/div>\r\n            <style type=\"text\/css\">\r\n                #heading-4yfKXQi39L .sh-element-margin {}#heading-4yfKXQi39L .sh-heading-content {font-weight: 700!important;color: #505050;}#heading-4yfKXQi39L .sh-heading-content,#heading-4yfKXQi39L .sh-heading-additional-text {}            <\/style>\r\n        \r\n            \r\n            <div class=\"sh-empty-space vc_empty_space sh-empty-space-nquGTohWOR  \" style=\"height: 15px\">\r\n                <span class=\"vc_empty_space_inner\"><\/span>\r\n            <\/div>\r\n\r\n        [vc_column_text]Los movimientos fundamentales son necesarios para poder adquirir un buen desarrollo de las t\u00e9cnicas y mejorar la capacidad de respuesta frente a cualquier situaci\u00f3n de combate.<\/p>\n<p>Por su parte, las <u>Formas <\/u>son una serie de movimientos fundamentales que representan t\u00e9cnicas de ataque o defensa en una secuencia mezclada y l\u00f3gica frente a contrincantes imaginarios. Las formas fueron creadas por el General Choi Hong Hi, para el perfeccionamiento y desarrollo del Taekwon-Do.<\/p>\n<p>Los ejercicios frente a frente se utilizan para perfeccionar la t\u00e9cnica y poner a prueba las aprendidas en los movimientos fundamentales y en las formas. En tanto el entrenamiento con accesorios, ofrece la posibilidad de desarrollar el foco y precisi\u00f3n en la ejecuci\u00f3n de las t\u00e9cnicas, as\u00ed como la resistencia y el poder.<\/p>\n<p>En el desarrollo de las t\u00e9cnicas, es normal la aplicaci\u00f3n de saltos en algunas de ellas, a fin de generar ciertos beneficios, especialmente de importante aplicaci\u00f3n en el combate, que incluyen los cambios de \u00e1ngulo, para cambiar el enfoque del golpe y generar poder debido a la inercia de la ca\u00edda del cuerpo. El cambio de foco es de fundamental importancia a la hora de desenfocar al adversario. As\u00ed, las ventajas de ejecutar patadas con salto podr\u00eda decirse que incluyen la posibilidad aumentada de evitar o superar un obst\u00e1culo (por ejemplo, un golpe de palo), sorprender al adversario (cambiar de \u00e1ngulo), cubrir r\u00e1pidamente una distancia, reunir dos movimientos en uno solo y\/o patear a una zona m\u00e1s alta sin esfuerzo. As\u00ed mismo, en el Taekwon-Do se practican las roturas de tablas de diferente espesor, a fin de medir el poder de cada t\u00e9cnica. De este modo, los estudiantes que desarrollan una t\u00e9cnica determinada durante mucho tiempo, logran el \u00faltimo ajuste con respecto al foco y precisi\u00f3n a trav\u00e9s de las roturas.[\/vc_column_text][\/vc_column_inner][vc_column_inner width=&#8221;1\/3&#8243; overflow=&#8221;default&#8221; css=&#8221;.vc_custom_1687898536003{padding-top: 200px !important;padding-bottom: 200px !important;background: #ffffff url(https:\/\/academiasuperiordetaekwondopatagonia.com\/wp-content\/uploads\/2023\/06\/962ee32cfedb93da03f0ff71af807fa3-bushido-taekwondo.jpeg?id=2950) !important;background-position: center !important;background-repeat: no-repeat !important;background-size: cover !important;}&#8221;][\/vc_column_inner][\/vc_row_inner][\/vc_column][\/vc_row][vc_row][vc_column][vc_cta h2=&#8221;Conclusi\u00f3n: &#8220;]El taekwon-Do es un arte marcial complejo, en t\u00e9rminos del alcance que implica su entrenamiento, desarrollo, evoluci\u00f3n y objetivos de vida.<\/p>\n<p>Dentro de sus objetivos, podr\u00eda decirse que el sentimiento de justicia, la fuerza basada en la humanidad, el uso de la sabidur\u00eda y moralidad, prevalecen buscando dominar la lucha de manera desalentadora de la posici\u00f3n opresora del m\u00e1s fuerte contra el m\u00e1s d\u00e9bil, promulgando que los hombres pueden vivir juntos y en armon\u00eda. Por lo tanto, el Taekwon-Do jam\u00e1s debe ser usado con fines ego\u00edstas, agresivos o violentos, al mismo tiempo que trascendiendo a fines econ\u00f3micos y\/o pol\u00edticos.<\/p>\n<p>As\u00ed, el Taekwon-Do insiste en la cultura moral, ya que no solo promociona el cuerpo sano y el desarrollo de una mente profunda, sino que tambi\u00e9n el comportamiento justo y sabio con humanidad, rectitud, cortes\u00eda y confianza.<\/p>\n<p style=\"text-align: center;\"><em>\u201cEl hombre debe tratar de vivir en la mansi\u00f3n m\u00e1s grande del mundo, <\/em><\/p>\n<p style=\"text-align: center;\"><em>situarse en el lugar correcto y caminar en la calle m\u00e1s ancha.<\/em><\/p>\n<p style=\"text-align: center;\"><em>La residencia m\u00e1s confortable y segura para el hombre es su propia <\/em><\/p>\n<p style=\"text-align: center;\"><em>mente virtuosa. Siempre debe ponerse del lado de la justicia y vivir honrada y justamente\u201d.<\/em><\/p>\n<p style=\"text-align: center;\"><em>General Choi Hong Hi.<\/em><\/p>\n<p>[\/vc_cta][\/vc_column][\/vc_row]<\/p>\n<\/div>","protected":false},"excerpt":{"rendered":"<p>[vc_row css_animation=&#8221;fadeInUp&#8221; css=&#8221;.vc_custom_1534867797938{padding-top: 130px !important;padding-bottom: 130px !important;}&#8221; padding_tablet=&#8221;100px 0px 80px 0px&#8221; el_id=&#8221;about&#8221;][vc_column css=&#8221;.vc_custom_1533288602474{padding-top: 0px !important;background-position: 0 0 !important;background-repeat: no-repeat !important;}&#8221;][vc_row_inner equal_height=&#8221;yes&#8221; css=&#8221;.vc_custom_1532961714454{padding-top: 70px !important;}&#8221;][vc_column_inner width=&#8221;1\/3&#8243; overflow=&#8221;default&#8221; css=&#8221;.vc_custom_1687898842953{padding-top: 200px !important;padding-bottom: 200px !important;background: #ffffff url(https:\/\/academiasuperiordetaekwondopatagonia.com\/wp-content\/uploads\/2023\/06\/taekwondo-badge-black-high-kick-korean-martial-julie-kelly.jpeg?id=2949) !important;background-position: center !important;background-repeat: no-repeat !important;background-size: contain !important;}&#8221;][\/vc_column_inner][vc_column_inner width=&#8221;2\/3&#8243; shadow=&#8221;shadow1&#8243; max_width=&#8221;680px&#8221; css=&#8221;.vc_custom_1532963203302{padding-top: 120px&#8230;<\/p>\n","protected":false},"author":1,"featured_media":0,"parent":0,"menu_order":0,"comment_status":"closed","ping_status":"closed","template":"","meta":{"om_disable_all_campaigns":false,"footnotes":""},"class_list":["post-2947","page","type-page","status-publish","hentry"],"aioseo_notices":[],"amp_enabled":true,"_links":{"self":[{"href":"https:\/\/academiasuperiordetaekwondopatagonia.com\/index.php\/wp-json\/wp\/v2\/pages\/2947","targetHints":{"allow":["GET"]}}],"collection":[{"href":"https:\/\/academiasuperiordetaekwondopatagonia.com\/index.php\/wp-json\/wp\/v2\/pages"}],"about":[{"href":"https:\/\/academiasuperiordetaekwondopatagonia.com\/index.php\/wp-json\/wp\/v2\/types\/page"}],"author":[{"embeddable":true,"href":"https:\/\/academiasuperiordetaekwondopatagonia.com\/index.php\/wp-json\/wp\/v2\/users\/1"}],"replies":[{"embeddable":true,"href":"https:\/\/academiasuperiordetaekwondopatagonia.com\/index.php\/wp-json\/wp\/v2\/comments?post=2947"}],"version-history":[{"count":4,"href":"https:\/\/academiasuperiordetaekwondopatagonia.com\/index.php\/wp-json\/wp\/v2\/pages\/2947\/revisions"}],"predecessor-version":[{"id":2954,"href":"https:\/\/academiasuperiordetaekwondopatagonia.com\/index.php\/wp-json\/wp\/v2\/pages\/2947\/revisions\/2954"}],"wp:attachment":[{"href":"https:\/\/academiasuperiordetaekwondopatagonia.com\/index.php\/wp-json\/wp\/v2\/media?parent=2947"}],"curies":[{"name":"wp","href":"https:\/\/api.w.org\/{rel}","templated":true}]}}